{"id":96,"date":"2015-12-23T23:34:10","date_gmt":"2015-12-23T22:34:10","guid":{"rendered":"http:\/\/www.lion-of-judah.eu\/mm\/?page_id=96"},"modified":"2018-09-18T14:26:20","modified_gmt":"2018-09-18T12:26:20","slug":"anteil-haben","status":"publish","type":"page","link":"https:\/\/mm.lion-of-judah.net\/?page_id=96","title":{"rendered":"Anteil haben"},"content":{"rendered":"<p>An dem Werk von Lion of Judah &#8211; und damit auch an dem Lohn Gottes f\u00fcr seine Erntearbeiter, k\u00f6nnt Ihr auf verschiedene Arten teilhaben!<\/p>\n<h3 style=\"text-align: center;\">Gebet<\/h3>\n<p>Nicht nur\u00a0Mitglieder des Lion of Judah, sondern alle gl\u00e4ubigen Christen sind bei der Gebetsunterst\u00fctzung f\u00fcr die Member und Aktivit\u00e4ten des Motorcycle Bereiches herzlich willkommen.<br \/>\nWir sind <strong>dankbar f\u00fcr jedes Gebet das im Namen Jesu<\/strong> f\u00fcr uns gesprochen wird, gerade hier in unserem Missionsfeld erfahren wir immer wieder:<br \/>\n<em>Sacharja 4, 6<\/em><br \/>\n<strong>Nicht durch Macht und nicht durch Kraft, sondern durch meinen Geist, spricht der HERR der Heerscharen.<\/strong><\/p>\n<h3 style=\"text-align: center;\">Finanzen<\/h3>\n<p>Hier versuchen wir nach dem Gebot Jesu \u00fcber diesen Bereich, das uns gleich drei Evangelisten \u00fcberliefern, zu leben:<\/p>\n<p><em>Matth\u00e4us 22, 21, Markus 12, 17 und Lukas 20,25<\/em><br \/>\n<strong>Gebt\u00a0 dem Kaiser, was des Kaisers ist,<\/strong> &#8211; (der staatlichen Macht)<br \/>\n<strong>und Gott, was Gottes ist!<\/strong> &#8211; (der Aufrag\u00a0aller Christen<strong> IHN<\/strong> unter allen Menschen zu verk\u00fcndigen und Notleidenden zu helfen)<\/p>\n<p>Auch wollen wir Jesu Aufforderung \u00fcber unseren pers\u00f6nlichen Besitz folgen,<\/p>\n<p><em>Matth\u00e4us 6, 20<\/em><br \/>\n<strong>sammelt euch aber Sch\u00e4tze im Himmel, wo weder Motte noch Fra\u00df zerst\u00f6ren und wo Diebe nicht durchgraben noch stehlen!<\/strong><\/p>\n<p>weil alle wahren Christen erst dort, ihre wirkliche und ewige Heimat finden werden.<\/p>\n<p>Gott hat nicht das Geld erschaffen sondern den Menschen.<\/p>\n<p>Das bedeutet f\u00fcr uns, dass wir hier nur <strong>Sein Eigentum<\/strong> verwalten d\u00fcrfen.<br \/>\nAlle Spenden die Lion of Judah zu kommen, werden entsprechend der Satzung daf\u00fcr verwendet am Reich Gottes mit zu bauen.<\/p>\n<p>Im Motorcycle Ministry Bereich verwenden wir diese z.B. um Biker Bibeln zu kaufen, die wir dann an andere, in einem pers\u00f6nlichen Gespr\u00e4ch weiterschenken k\u00f6nnen.<br \/>\nDamit geben wir Menschen die M\u00f6glichkeit das Wort Gottes kennen zu lernen &#8211; und durch Zeugnisse von anderen Bikern zu erfahren, wie Gott durch seine Liebe und Vergebung Menschenleben ver\u00e4ndert hat.<\/p>\n<p>Ihr k\u00f6nnt durch Eure Unterst\u00fctzung mit dazu beitragen, dass Menschen von Jesus Christus h\u00f6ren, Ihn erfahren und ein neues Leben beginnen k\u00f6nnen.<\/p>\n<h3 style=\"text-align: center;\"><b>Membership<\/b><\/h3>\n<p style=\"text-align: center;\"><a href=\"http:\/\/mm.lion-of-judah.net\/membership\/\">Passen wir zu dir &#8211; und passt du zu uns?<\/a><\/p>\n<p>&nbsp;<\/p>\n","protected":false},"excerpt":{"rendered":"<p>An dem Werk von Lion of Judah &#8211; und damit auch an dem Lohn Gottes f\u00fcr seine Erntearbeiter, k\u00f6nnt Ihr auf verschiedene Arten teilhaben! Gebet Nicht nur\u00a0Mitglieder des Lion of Judah, sondern alle gl\u00e4ubigen Christen sind bei der Gebetsunterst\u00fctzung f\u00fcr die Member und Aktivit\u00e4ten des Motorcycle Bereiches herzlich willkommen. Wir sind dankbar f\u00fcr jedes Gebet [&hellip;]<\/p>\n","protected":false},"author":3,"featured_media":0,"parent":0,"menu_order":0,"comment_status":"closed","ping_status":"closed","template":"","meta":{"footnotes":""},"class_list":["post-96","page","type-page","status-publish","hentry"],"_links":{"self":[{"href":"https:\/\/mm.lion-of-judah.net\/index.php?rest_route=\/wp\/v2\/pages\/96","targetHints":{"allow":["GET"]}}],"collection":[{"href":"https:\/\/mm.lion-of-judah.net\/index.php?rest_route=\/wp\/v2\/pages"}],"about":[{"href":"https:\/\/mm.lion-of-judah.net\/index.php?rest_route=\/wp\/v2\/types\/page"}],"author":[{"embeddable":true,"href":"https:\/\/mm.lion-of-judah.net\/index.php?rest_route=\/wp\/v2\/users\/3"}],"replies":[{"embeddable":true,"href":"https:\/\/mm.lion-of-judah.net\/index.php?rest_route=%2Fwp%2Fv2%2Fcomments&post=96"}],"version-history":[{"count":1,"href":"https:\/\/mm.lion-of-judah.net\/index.php?rest_route=\/wp\/v2\/pages\/96\/revisions"}],"predecessor-version":[{"id":1459,"href":"https:\/\/mm.lion-of-judah.net\/index.php?rest_route=\/wp\/v2\/pages\/96\/revisions\/1459"}],"wp:attachment":[{"href":"https:\/\/mm.lion-of-judah.net\/index.php?rest_route=%2Fwp%2Fv2%2Fmedia&parent=96"}],"curies":[{"name":"wp","href":"https:\/\/api.w.org\/{rel}","templated":true}]}}