{"id":839,"date":"2016-01-02T01:30:53","date_gmt":"2016-01-02T00:30:53","guid":{"rendered":"http:\/\/www.lion-of-judah.eu\/mm\/?page_id=839"},"modified":"2018-09-19T07:55:04","modified_gmt":"2018-09-19T05:55:04","slug":"taufe-mai-2013","status":"publish","type":"page","link":"https:\/\/mm.lion-of-judah.net\/?page_id=839","title":{"rendered":"Taufe Mai 2013"},"content":{"rendered":"<p style=\"text-align: center;\">Im Mai 2013 fand die erste Taufe des Lion of Judah MM im Main bei Bamberg statt.<br \/>\nEs wurden mehrere Menschen als Nachfolger Jesu getauft.<\/p>\n<p style=\"text-align: center;\"><img loading=\"lazy\" decoding=\"async\" class=\"aligncenter size-large wp-image-1161\" src=\"http:\/\/mm.lion-of-judah.net\/wp-content\/uploads\/sites\/3\/2018\/08\/DSC_63241-1024x481.jpg\" alt=\"\" width=\"625\" height=\"294\" srcset=\"https:\/\/mm.lion-of-judah.net\/wp-content\/uploads\/sites\/3\/2018\/08\/DSC_63241-1024x481.jpg 1024w, https:\/\/mm.lion-of-judah.net\/wp-content\/uploads\/sites\/3\/2018\/08\/DSC_63241-300x141.jpg 300w, https:\/\/mm.lion-of-judah.net\/wp-content\/uploads\/sites\/3\/2018\/08\/DSC_63241-768x360.jpg 768w, https:\/\/mm.lion-of-judah.net\/wp-content\/uploads\/sites\/3\/2018\/08\/DSC_63241-624x293.jpg 624w, https:\/\/mm.lion-of-judah.net\/wp-content\/uploads\/sites\/3\/2018\/08\/DSC_63241.jpg 1600w\" sizes=\"auto, (max-width: 625px) 100vw, 625px\" \/>Members<\/p>\n<p>&nbsp;<\/p>\n<p style=\"text-align: center;\"><img loading=\"lazy\" decoding=\"async\" class=\"aligncenter size-full wp-image-1348\" src=\"http:\/\/mm.lion-of-judah.net\/wp-content\/uploads\/sites\/3\/2018\/08\/taufe1.jpg\" alt=\"\" width=\"369\" height=\"276\" srcset=\"https:\/\/mm.lion-of-judah.net\/wp-content\/uploads\/sites\/3\/2018\/08\/taufe1.jpg 369w, https:\/\/mm.lion-of-judah.net\/wp-content\/uploads\/sites\/3\/2018\/08\/taufe1-300x224.jpg 300w\" sizes=\"auto, (max-width: 369px) 100vw, 369px\" \/>Taufe<\/p>\n<p style=\"text-align: center;\"><img loading=\"lazy\" decoding=\"async\" class=\"aligncenter size-full wp-image-1351\" src=\"http:\/\/mm.lion-of-judah.net\/wp-content\/uploads\/sites\/3\/2018\/08\/taufe11.jpg\" alt=\"\" width=\"369\" height=\"276\" srcset=\"https:\/\/mm.lion-of-judah.net\/wp-content\/uploads\/sites\/3\/2018\/08\/taufe11.jpg 369w, https:\/\/mm.lion-of-judah.net\/wp-content\/uploads\/sites\/3\/2018\/08\/taufe11-300x224.jpg 300w\" sizes=\"auto, (max-width: 369px) 100vw, 369px\" \/>Yeah<\/p>\n<p><img loading=\"lazy\" decoding=\"async\" class=\"aligncenter size-full wp-image-1349\" src=\"http:\/\/mm.lion-of-judah.net\/wp-content\/uploads\/sites\/3\/2018\/08\/taufe2.jpg\" alt=\"\" width=\"369\" height=\"276\" srcset=\"https:\/\/mm.lion-of-judah.net\/wp-content\/uploads\/sites\/3\/2018\/08\/taufe2.jpg 369w, https:\/\/mm.lion-of-judah.net\/wp-content\/uploads\/sites\/3\/2018\/08\/taufe2-300x224.jpg 300w\" sizes=\"auto, (max-width: 369px) 100vw, 369px\" \/><\/p>\n<p style=\"text-align: center;\">Taufe<\/p>\n<p><img loading=\"lazy\" decoding=\"async\" class=\"aligncenter size-full wp-image-1350\" src=\"http:\/\/mm.lion-of-judah.net\/wp-content\/uploads\/sites\/3\/2018\/08\/taufe3.jpg\" alt=\"\" width=\"369\" height=\"316\" srcset=\"https:\/\/mm.lion-of-judah.net\/wp-content\/uploads\/sites\/3\/2018\/08\/taufe3.jpg 369w, https:\/\/mm.lion-of-judah.net\/wp-content\/uploads\/sites\/3\/2018\/08\/taufe3-300x257.jpg 300w\" sizes=\"auto, (max-width: 369px) 100vw, 369px\" \/><\/p>\n<p style=\"text-align: center;\">Taufe<\/p>\n<p><img loading=\"lazy\" decoding=\"async\" class=\"aligncenter size-full wp-image-1095\" src=\"http:\/\/mm.lion-of-judah.net\/wp-content\/uploads\/sites\/3\/2018\/08\/DSC_6264.jpg\" alt=\"\" width=\"369\" height=\"247\" srcset=\"https:\/\/mm.lion-of-judah.net\/wp-content\/uploads\/sites\/3\/2018\/08\/DSC_6264.jpg 369w, https:\/\/mm.lion-of-judah.net\/wp-content\/uploads\/sites\/3\/2018\/08\/DSC_6264-300x201.jpg 300w\" sizes=\"auto, (max-width: 369px) 100vw, 369px\" \/><\/p>\n<p style=\"text-align: center;\"><img loading=\"lazy\" decoding=\"async\" class=\"aligncenter size-full wp-image-1093\" src=\"http:\/\/mm.lion-of-judah.net\/wp-content\/uploads\/sites\/3\/2018\/08\/DSC_6261.jpg\" alt=\"\" width=\"369\" height=\"247\" srcset=\"https:\/\/mm.lion-of-judah.net\/wp-content\/uploads\/sites\/3\/2018\/08\/DSC_6261.jpg 369w, https:\/\/mm.lion-of-judah.net\/wp-content\/uploads\/sites\/3\/2018\/08\/DSC_6261-300x201.jpg 300w\" sizes=\"auto, (max-width: 369px) 100vw, 369px\" \/> <img loading=\"lazy\" decoding=\"async\" class=\"aligncenter size-full wp-image-1092\" src=\"http:\/\/mm.lion-of-judah.net\/wp-content\/uploads\/sites\/3\/2018\/08\/DSC_6234.jpg\" alt=\"\" width=\"369\" height=\"247\" srcset=\"https:\/\/mm.lion-of-judah.net\/wp-content\/uploads\/sites\/3\/2018\/08\/DSC_6234.jpg 369w, https:\/\/mm.lion-of-judah.net\/wp-content\/uploads\/sites\/3\/2018\/08\/DSC_6234-300x201.jpg 300w\" sizes=\"auto, (max-width: 369px) 100vw, 369px\" \/> Gebet und segen f\u00fcr die Getaufenten.<\/p>\n<p style=\"text-align: center;\"><strong>New Members<\/strong><\/p>\n<p style=\"text-align: center;\"><img loading=\"lazy\" decoding=\"async\" class=\"aligncenter size-full wp-image-1099\" src=\"http:\/\/mm.lion-of-judah.net\/wp-content\/uploads\/sites\/3\/2018\/08\/DSC_6304.jpg\" alt=\"\" width=\"369\" height=\"214\" srcset=\"https:\/\/mm.lion-of-judah.net\/wp-content\/uploads\/sites\/3\/2018\/08\/DSC_6304.jpg 369w, https:\/\/mm.lion-of-judah.net\/wp-content\/uploads\/sites\/3\/2018\/08\/DSC_6304-300x174.jpg 300w\" sizes=\"auto, (max-width: 369px) 100vw, 369px\" \/>Forrest<\/p>\n<p style=\"text-align: center;\"><img loading=\"lazy\" decoding=\"async\" class=\"aligncenter size-full wp-image-1097\" src=\"http:\/\/mm.lion-of-judah.net\/wp-content\/uploads\/sites\/3\/2018\/08\/DSC_6284.jpg\" alt=\"\" width=\"369\" height=\"235\" srcset=\"https:\/\/mm.lion-of-judah.net\/wp-content\/uploads\/sites\/3\/2018\/08\/DSC_6284.jpg 369w, https:\/\/mm.lion-of-judah.net\/wp-content\/uploads\/sites\/3\/2018\/08\/DSC_6284-300x191.jpg 300w\" sizes=\"auto, (max-width: 369px) 100vw, 369px\" \/>Huby<\/p>\n<p><img loading=\"lazy\" decoding=\"async\" class=\"aligncenter size-full wp-image-1105\" src=\"http:\/\/mm.lion-of-judah.net\/wp-content\/uploads\/sites\/3\/2018\/08\/DSC_6327.jpg\" alt=\"\" width=\"369\" height=\"259\" srcset=\"https:\/\/mm.lion-of-judah.net\/wp-content\/uploads\/sites\/3\/2018\/08\/DSC_6327.jpg 369w, https:\/\/mm.lion-of-judah.net\/wp-content\/uploads\/sites\/3\/2018\/08\/DSC_6327-300x211.jpg 300w\" sizes=\"auto, (max-width: 369px) 100vw, 369px\" \/> <img loading=\"lazy\" decoding=\"async\" class=\"aligncenter size-full wp-image-1106\" src=\"http:\/\/mm.lion-of-judah.net\/wp-content\/uploads\/sites\/3\/2018\/08\/DSC_6332.jpg\" alt=\"\" width=\"345\" height=\"369\" srcset=\"https:\/\/mm.lion-of-judah.net\/wp-content\/uploads\/sites\/3\/2018\/08\/DSC_6332.jpg 345w, https:\/\/mm.lion-of-judah.net\/wp-content\/uploads\/sites\/3\/2018\/08\/DSC_6332-280x300.jpg 280w\" sizes=\"auto, (max-width: 345px) 100vw, 345px\" \/><\/p>\n<p style=\"text-align: center;\">\n<p style=\"text-align: center;\">New Full Member<\/p>\n<p><img loading=\"lazy\" decoding=\"async\" class=\"aligncenter size-full wp-image-1101\" src=\"http:\/\/mm.lion-of-judah.net\/wp-content\/uploads\/sites\/3\/2018\/08\/DSC_6309.jpg\" alt=\"\" width=\"369\" height=\"329\" srcset=\"https:\/\/mm.lion-of-judah.net\/wp-content\/uploads\/sites\/3\/2018\/08\/DSC_6309.jpg 369w, https:\/\/mm.lion-of-judah.net\/wp-content\/uploads\/sites\/3\/2018\/08\/DSC_6309-300x267.jpg 300w\" sizes=\"auto, (max-width: 369px) 100vw, 369px\" \/><\/p>\n<p style=\"text-align: center;\">\n<p style=\"text-align: center;\">M\u00fchli<\/p>\n<p><img loading=\"lazy\" decoding=\"async\" class=\"aligncenter size-full wp-image-1103\" src=\"http:\/\/mm.lion-of-judah.net\/wp-content\/uploads\/sites\/3\/2018\/08\/DSC_6314.jpg\" alt=\"\" width=\"369\" height=\"282\" srcset=\"https:\/\/mm.lion-of-judah.net\/wp-content\/uploads\/sites\/3\/2018\/08\/DSC_6314.jpg 369w, https:\/\/mm.lion-of-judah.net\/wp-content\/uploads\/sites\/3\/2018\/08\/DSC_6314-300x229.jpg 300w\" sizes=\"auto, (max-width: 369px) 100vw, 369px\" \/> <img loading=\"lazy\" decoding=\"async\" class=\"aligncenter size-full wp-image-1102\" src=\"http:\/\/mm.lion-of-judah.net\/wp-content\/uploads\/sites\/3\/2018\/08\/DSC_6313.jpg\" alt=\"\" width=\"369\" height=\"233\" srcset=\"https:\/\/mm.lion-of-judah.net\/wp-content\/uploads\/sites\/3\/2018\/08\/DSC_6313.jpg 369w, https:\/\/mm.lion-of-judah.net\/wp-content\/uploads\/sites\/3\/2018\/08\/DSC_6313-300x189.jpg 300w\" sizes=\"auto, (max-width: 369px) 100vw, 369px\" \/><\/p>\n<p style=\"text-align: center;\">\n<p style=\"text-align: center;\">Fr\u00fchst\u00fcck am n\u00e4chsten Tag<\/p>\n<p><img loading=\"lazy\" decoding=\"async\" class=\"aligncenter size-full wp-image-1107\" src=\"http:\/\/mm.lion-of-judah.net\/wp-content\/uploads\/sites\/3\/2018\/08\/DSC_6339.jpg\" alt=\"\" width=\"369\" height=\"247\" srcset=\"https:\/\/mm.lion-of-judah.net\/wp-content\/uploads\/sites\/3\/2018\/08\/DSC_6339.jpg 369w, https:\/\/mm.lion-of-judah.net\/wp-content\/uploads\/sites\/3\/2018\/08\/DSC_6339-300x201.jpg 300w\" sizes=\"auto, (max-width: 369px) 100vw, 369px\" \/> <img loading=\"lazy\" decoding=\"async\" class=\"aligncenter size-full wp-image-1108\" src=\"http:\/\/mm.lion-of-judah.net\/wp-content\/uploads\/sites\/3\/2018\/08\/DSC_6352.jpg\" alt=\"\" width=\"369\" height=\"247\" srcset=\"https:\/\/mm.lion-of-judah.net\/wp-content\/uploads\/sites\/3\/2018\/08\/DSC_6352.jpg 369w, https:\/\/mm.lion-of-judah.net\/wp-content\/uploads\/sites\/3\/2018\/08\/DSC_6352-300x201.jpg 300w\" sizes=\"auto, (max-width: 369px) 100vw, 369px\" \/><\/p>\n<p style=\"text-align: center;\"><img loading=\"lazy\" decoding=\"async\" class=\"aligncenter size-full wp-image-1109\" src=\"http:\/\/mm.lion-of-judah.net\/wp-content\/uploads\/sites\/3\/2018\/08\/DSC_6368.jpg\" alt=\"\" width=\"369\" height=\"280\" srcset=\"https:\/\/mm.lion-of-judah.net\/wp-content\/uploads\/sites\/3\/2018\/08\/DSC_6368.jpg 369w, https:\/\/mm.lion-of-judah.net\/wp-content\/uploads\/sites\/3\/2018\/08\/DSC_6368-300x228.jpg 300w\" sizes=\"auto, (max-width: 369px) 100vw, 369px\" \/>L\u00f6wenhund<\/p>\n<p style=\"text-align: center;\">\n<p style=\"text-align: center;\">\n","protected":false},"excerpt":{"rendered":"<p>Im Mai 2013 fand die erste Taufe des Lion of Judah MM im Main bei Bamberg statt. Es wurden mehrere Menschen als Nachfolger Jesu getauft. Members &nbsp; Taufe Yeah Taufe Taufe Gebet und segen f\u00fcr die Getaufenten. New Members Forrest Huby New Full Member M\u00fchli Fr\u00fchst\u00fcck am n\u00e4chsten Tag L\u00f6wenhund<\/p>\n","protected":false},"author":3,"featured_media":0,"parent":0,"menu_order":0,"comment_status":"closed","ping_status":"closed","template":"","meta":{"footnotes":""},"class_list":["post-839","page","type-page","status-publish","hentry"],"_links":{"self":[{"href":"https:\/\/mm.lion-of-judah.net\/index.php?rest_route=\/wp\/v2\/pages\/839","targetHints":{"allow":["GET"]}}],"collection":[{"href":"https:\/\/mm.lion-of-judah.net\/index.php?rest_route=\/wp\/v2\/pages"}],"about":[{"href":"https:\/\/mm.lion-of-judah.net\/index.php?rest_route=\/wp\/v2\/types\/page"}],"author":[{"embeddable":true,"href":"https:\/\/mm.lion-of-judah.net\/index.php?rest_route=\/wp\/v2\/users\/3"}],"replies":[{"embeddable":true,"href":"https:\/\/mm.lion-of-judah.net\/index.php?rest_route=%2Fwp%2Fv2%2Fcomments&post=839"}],"version-history":[{"count":2,"href":"https:\/\/mm.lion-of-judah.net\/index.php?rest_route=\/wp\/v2\/pages\/839\/revisions"}],"predecessor-version":[{"id":1500,"href":"https:\/\/mm.lion-of-judah.net\/index.php?rest_route=\/wp\/v2\/pages\/839\/revisions\/1500"}],"wp:attachment":[{"href":"https:\/\/mm.lion-of-judah.net\/index.php?rest_route=%2Fwp%2Fv2%2Fmedia&parent=839"}],"curies":[{"name":"wp","href":"https:\/\/api.w.org\/{rel}","templated":true}]}}