{"id":83,"date":"2015-12-23T20:27:20","date_gmt":"2015-12-23T19:27:20","guid":{"rendered":"http:\/\/www.lion-of-judah.eu\/mm\/?page_id=83"},"modified":"2015-12-23T20:27:20","modified_gmt":"2015-12-23T19:27:20","slug":"gideon-army","status":"publish","type":"page","link":"https:\/\/mm.lion-of-judah.net\/?page_id=83","title":{"rendered":"Gideon Army ?"},"content":{"rendered":"<p>Die Story von den 300 Spartiaten kennt wohl sp\u00e4testens seit der Ausstrahlung des Films im Free TV jeder.<br \/>\nNat\u00fcrlich nur ein Film &#8211; wenn auch ein guter &#8211; aber er beruht auf einer wahren Begebenheit, die Schlacht bei den Thermophyen fand im Jahr 480 vor Christus statt. Ein verh\u00e4ltnism\u00e4\u00dfig kleines griechisches Heer von etwa 6.000 Kriegern hielt in einem Engpass eine wesentlich gr\u00f6\u00dfere Streitmacht aus dem persischen Reich (zwischen 50.000 und 200.000 Mann) mehrere Tage lang auf. Bis sie, durch einen Verrat verursacht, von beiden Seiten in die Zange genommen werden konnten. Dabei kamen alle 300 Spartaner, die die Hauptlast des Kampfes getragen hatten, ums Leben.<\/p>\n<p>Fast 1000 Jahre zuvor fand ebenfalls eine Schlacht mit \u00e4hnlichen Kr\u00e4fteverh\u00e4ltnissen statt, jedoch\u00a0 siegten hierin 300 M\u00e4nner ohne jegliche Verluste \u00fcber die Feinde, bestehend aus den vereingten Armeen von Midian, Amalek und anderen \u00f6stlichen V\u00f6lkern.<br \/>\nUrspr\u00fcnglich bestand das Heer Israels aus 32.000 Leuten, aber Gott bestimmte dass alle die furchtsam oder verzagt waren nach Hause gehen sollten. Daraufhin verschwanden 22.000 M\u00e4nner<span id=\"transmark\" style=\"width: 0px;height: 0px\"><\/span>vom Schlachtfeld, nur f\u00fcr Gott war auch der Rest noch viel zu zahlreich.<br \/>\nER begann die M\u00e4nner auszuw\u00e4hlen, nicht nach ihrer Bef\u00e4higung sondern nach ihrem Charakter, so dass lediglich noch 300 tapfere Streiter \u00fcbrig blieben.<br \/>\nGemeinsam und unter Gottes F\u00fchrung gelang Gideon mit seinen K\u00e4mpfern ein vollst\u00e4ndiger Sieg \u00fcber die Feinde, wer von ihnen nicht fiel suchte sein Heil in panischer Flucht.<\/p>\n<p>Dieses historische Ereignis ist ein gro\u00dfartiges Beispiel daf\u00fcr, dass uns unter Gottes Leitung und in br\u00fcderlicher Einheit untereinander, nichts zu gro\u00df oder unm\u00f6glich ist!<\/p>\n<p>&nbsp;<\/p>\n","protected":false},"excerpt":{"rendered":"<p>Die Story von den 300 Spartiaten kennt wohl sp\u00e4testens seit der Ausstrahlung des Films im Free TV jeder. Nat\u00fcrlich nur ein Film &#8211; wenn auch ein guter &#8211; aber er beruht auf einer wahren Begebenheit, die Schlacht bei den Thermophyen fand im Jahr 480 vor Christus statt. Ein verh\u00e4ltnism\u00e4\u00dfig kleines griechisches Heer von etwa 6.000 [&hellip;]<\/p>\n","protected":false},"author":3,"featured_media":0,"parent":0,"menu_order":0,"comment_status":"closed","ping_status":"closed","template":"","meta":{"footnotes":""},"class_list":["post-83","page","type-page","status-publish","hentry"],"_links":{"self":[{"href":"https:\/\/mm.lion-of-judah.net\/index.php?rest_route=\/wp\/v2\/pages\/83","targetHints":{"allow":["GET"]}}],"collection":[{"href":"https:\/\/mm.lion-of-judah.net\/index.php?rest_route=\/wp\/v2\/pages"}],"about":[{"href":"https:\/\/mm.lion-of-judah.net\/index.php?rest_route=\/wp\/v2\/types\/page"}],"author":[{"embeddable":true,"href":"https:\/\/mm.lion-of-judah.net\/index.php?rest_route=\/wp\/v2\/users\/3"}],"replies":[{"embeddable":true,"href":"https:\/\/mm.lion-of-judah.net\/index.php?rest_route=%2Fwp%2Fv2%2Fcomments&post=83"}],"version-history":[{"count":0,"href":"https:\/\/mm.lion-of-judah.net\/index.php?rest_route=\/wp\/v2\/pages\/83\/revisions"}],"wp:attachment":[{"href":"https:\/\/mm.lion-of-judah.net\/index.php?rest_route=%2Fwp%2Fv2%2Fmedia&parent=83"}],"curies":[{"name":"wp","href":"https:\/\/api.w.org\/{rel}","templated":true}]}}