{"id":822,"date":"2015-12-21T20:12:33","date_gmt":"2015-12-21T19:12:33","guid":{"rendered":"http:\/\/www.lion-of-judah.eu\/mm\/?page_id=13"},"modified":"2015-12-21T20:12:33","modified_gmt":"2015-12-21T19:12:33","slug":"lion-of-judah","status":"publish","type":"page","link":"https:\/\/mm.lion-of-judah.net\/?page_id=822","title":{"rendered":"Lion of Judah"},"content":{"rendered":"<p style=\"text-align: left\">Wir sind eine, alle christlichen Konfessionen \u00fcbergreifende Vereinigung, mit verschiedenen Dienstbereichen, die im Juni 2009 gegr\u00fcndet wurde.<br \/>\nUnsere Mitglieder kommen aus unterschiedlichen Kontinenten und geh\u00f6ren den verschiedensten christlichen Denominationen &#8211; oder aber auch gar keiner an.<\/p>\n<p style=\"text-align: center\"><strong>Gemeinsam wollen wir Familie leben, wachsen und immer mehr von Gott erfahren.<\/strong><\/p>\n","protected":false},"excerpt":{"rendered":"<p>Wir sind eine, alle christlichen Konfessionen \u00fcbergreifende Vereinigung, mit verschiedenen Dienstbereichen, die im Juni 2009 gegr\u00fcndet wurde. Unsere Mitglieder kommen aus unterschiedlichen Kontinenten und geh\u00f6ren den verschiedensten christlichen Denominationen &#8211; oder aber auch gar keiner an. Gemeinsam wollen wir Familie leben, wachsen und immer mehr von Gott erfahren.<\/p>\n","protected":false},"author":3,"featured_media":0,"parent":0,"menu_order":0,"comment_status":"closed","ping_status":"closed","template":"","meta":{"footnotes":""},"class_list":["post-822","page","type-page","status-publish","hentry"],"_links":{"self":[{"href":"https:\/\/mm.lion-of-judah.net\/index.php?rest_route=\/wp\/v2\/pages\/822","targetHints":{"allow":["GET"]}}],"collection":[{"href":"https:\/\/mm.lion-of-judah.net\/index.php?rest_route=\/wp\/v2\/pages"}],"about":[{"href":"https:\/\/mm.lion-of-judah.net\/index.php?rest_route=\/wp\/v2\/types\/page"}],"author":[{"embeddable":true,"href":"https:\/\/mm.lion-of-judah.net\/index.php?rest_route=\/wp\/v2\/users\/3"}],"replies":[{"embeddable":true,"href":"https:\/\/mm.lion-of-judah.net\/index.php?rest_route=%2Fwp%2Fv2%2Fcomments&post=822"}],"version-history":[{"count":0,"href":"https:\/\/mm.lion-of-judah.net\/index.php?rest_route=\/wp\/v2\/pages\/822\/revisions"}],"wp:attachment":[{"href":"https:\/\/mm.lion-of-judah.net\/index.php?rest_route=%2Fwp%2Fv2%2Fmedia&parent=822"}],"curies":[{"name":"wp","href":"https:\/\/api.w.org\/{rel}","templated":true}]}}