{"id":809,"date":"2016-01-01T20:19:00","date_gmt":"2016-01-01T19:19:00","guid":{"rendered":"http:\/\/www.lion-of-judah.eu\/mm\/?page_id=809"},"modified":"2018-09-18T11:35:51","modified_gmt":"2018-09-18T09:35:51","slug":"lass-dir-von-gott-helfen","status":"publish","type":"page","link":"https:\/\/mm.lion-of-judah.net\/?page_id=809","title":{"rendered":"Lass Dir von Gott helfen!"},"content":{"rendered":"<div class=\"art-layout-cell layout-item-1\">\n<p><strong>Gott m\u00f6chte, dass SEINE Kinder ohne Sorge sind. Befindest Du Dich zur zeit in schweren Zeiten. Gibt es Deinem leben Angst, Sorge, Kummer, Verzweiflung? Dann beten wir gerne f\u00fcr Dich und bitten Gott, dass ER sich deiner Situation annimmt.\u00a0<\/strong><\/p>\n<p>Hier kannst Du uns Dein Gebetsanliegen schicken und Geschwister aus dem Gebetsteam von Lion of Judah werden f\u00fcr dein Anliegen beten.<\/p>\n<p style=\"text-align: center;\"><a href=\"https:\/\/gebet.lion-of-judah.net\/kontakt\/\" target=\"_blank\" rel=\"noopener\">Gebetsanliegen<\/a><\/p>\n<p>In Matth\u00e4us 18,19 hei\u00dft es:<br \/>\n<em>Wahrlich, ich sage euch auch: Wenn zwei unter euch eins werden auf Erden, worum sie bitten wollen, so soll es ihnen widerfahren von meinem Vater im Himmel.<\/em><\/p>\n<\/div>\n<div class=\"art-layout-cell layout-item-2\">\n<h3>W\u00fcrdest Du gern mit jemandem pers\u00f6nlich reden?<\/h3>\n<p>Manchmal reicht der Mailkontkat einfach nicht aus. Du m\u00f6chtest gern pers\u00f6nlich mit jemandem reden, oder brauchst einfach nur jemanden der zuh\u00f6rt? Dann schick uns einfach deine Kontaktdaten mit Telefonnummer und wir rufen Dich an.<\/p>\n<p>Nat\u00fcrlich kannst du uns auch pers\u00f6nlich treffen, Dich mit uns unterhalten, f\u00fcr Dich beten lassen und wir lassen uns auch gern von dir pr\u00fcfen.<\/p>\n<p style=\"text-align: center;\"><a href=\"http:\/\/www.lion-of-judah.eu\/mm\/kontakt\/\" target=\"_blank\" rel=\"noopener\">Kontaktformular<\/a><\/p>\n<\/div>\n","protected":false},"excerpt":{"rendered":"<p>Gott m\u00f6chte, dass SEINE Kinder ohne Sorge sind. Befindest Du Dich zur zeit in schweren Zeiten. Gibt es Deinem leben Angst, Sorge, Kummer, Verzweiflung? Dann beten wir gerne f\u00fcr Dich und bitten Gott, dass ER sich deiner Situation annimmt.\u00a0 Hier kannst Du uns Dein Gebetsanliegen schicken und Geschwister aus dem Gebetsteam von Lion of Judah [&hellip;]<\/p>\n","protected":false},"author":3,"featured_media":0,"parent":0,"menu_order":0,"comment_status":"closed","ping_status":"closed","template":"","meta":{"footnotes":""},"class_list":["post-809","page","type-page","status-publish","hentry"],"_links":{"self":[{"href":"https:\/\/mm.lion-of-judah.net\/index.php?rest_route=\/wp\/v2\/pages\/809","targetHints":{"allow":["GET"]}}],"collection":[{"href":"https:\/\/mm.lion-of-judah.net\/index.php?rest_route=\/wp\/v2\/pages"}],"about":[{"href":"https:\/\/mm.lion-of-judah.net\/index.php?rest_route=\/wp\/v2\/types\/page"}],"author":[{"embeddable":true,"href":"https:\/\/mm.lion-of-judah.net\/index.php?rest_route=\/wp\/v2\/users\/3"}],"replies":[{"embeddable":true,"href":"https:\/\/mm.lion-of-judah.net\/index.php?rest_route=%2Fwp%2Fv2%2Fcomments&post=809"}],"version-history":[{"count":3,"href":"https:\/\/mm.lion-of-judah.net\/index.php?rest_route=\/wp\/v2\/pages\/809\/revisions"}],"predecessor-version":[{"id":1454,"href":"https:\/\/mm.lion-of-judah.net\/index.php?rest_route=\/wp\/v2\/pages\/809\/revisions\/1454"}],"wp:attachment":[{"href":"https:\/\/mm.lion-of-judah.net\/index.php?rest_route=%2Fwp%2Fv2%2Fmedia&parent=809"}],"curies":[{"name":"wp","href":"https:\/\/api.w.org\/{rel}","templated":true}]}}