{"id":800,"date":"2016-01-01T18:13:27","date_gmt":"2016-01-01T17:13:27","guid":{"rendered":"http:\/\/www.lion-of-judah.eu\/mm\/?page_id=800"},"modified":"2016-01-01T18:13:27","modified_gmt":"2016-01-01T17:13:27","slug":"membership","status":"publish","type":"page","link":"https:\/\/mm.lion-of-judah.net\/?page_id=800","title":{"rendered":"Membership"},"content":{"rendered":"<p><strong>Liebe &#8211; Treue &#8211; Ehre und Respekt, dies sind die Grundfesten unserer Bruderschaft!<\/strong><\/p>\n<p>Nur wenn diese Werte keine leeren Lippenbekenntnisse sondern Teil deines Charakters sind, lohnt es sich f\u00fcr dich auch weiterzulesen.<\/p>\n<p><strong>Folgende Voraussetzungen bestehen f\u00fcr eine aktive Mitarbeit in Lion of Judah Motorcycle Ministy:<\/strong><\/p>\n<ul>\n<li>Entscheidung f\u00fcr die Nachfolge Jesus Christi im Dienst<\/li>\n<li>\u201cRuf\u201d in die Arbeit unter Bikern und die Liebe zu den Menschen der Szene<\/li>\n<li>Du bist dir dar\u00fcber im Klaren: Ein Bruder ist ein Bruder und Lion of Judah eine Familie &#8211; ein Bund zwischen dir, der Gemeinschaft und dem allm\u00e4chtigen Gott!<br \/>\nDas hei\u00dft nicht dass wir st\u00e4ndig &#8222;aufeinander hocken&#8220;, ganz im Gegenteil, aber eine Familie bleibt bestehen auch wenn die Geschwister in der ganzen Welt verteilt sind.<\/li>\n<li>\u00a0Das Fahren eines Motorrads mit mind. 250ccm sollte kein Problem f\u00fcr Dich darstellen (inkl. Besitz einer in Deutschland g\u00fcltigen Fahrerlaubnis)<\/li>\n<\/ul>\n<p><strong>Grober Ablauf eines Einstiegs in Lion of Judah Motorcycle Ministries<\/strong><\/p>\n<p>Zun\u00e4chst musst Du Dich nat\u00fcrlich mit den Zielen von Lion of Judah identifizieren k\u00f6nnen und Teil der Familie werden.<br \/>\nDanach sollten wir uns kennen lernen, Zeit miteinander verbringen, auf das h\u00f6ren was Gott redet und dann gemeinsam die n\u00e4chsten Schritte angehen.<br \/>\nUm f\u00fcr Dich und uns zu sehen ob Dein Platz hier beim Lion of Judah MM ist, f\u00e4ngt dann alles mit einer Zeit des &#8222;Zusammenarbeitens&#8220; im Dienst an.<br \/>\nDies ist ein Art &#8222;Lehrzeit&#8220; f\u00fcr uns alle und um Dir auch einen sicheren Rahmen in der Szene zu geben.<br \/>\nWichtig: Gott hat uns klar gesagt, dass wir niemanden als &#8222;Prospekt&#8220; betitelten sollen. Als Geschwister im Reich Gottes sind wir alle auf demselben Level. Es gibt keine gr\u00f6\u00dferen oder kleineren im Reich Gottes. Aber um die Grundlagen der Biker Szene, deren Teil wir sind, zu w\u00fcrdigen wird dies auch eine Zeit ohne Full Color sein.<br \/>\nEs darf niemals darum gehen die Farben zu tragen, sondern Diener Christi zu sein.<br \/>\nNach dieser &#8222;Probezeit&#8220; wird dann die Membership mit dem Full Color vergeben, wie lange diese &#8222;Lernzeit&#8220; dauert wird von Gott bestimmt.<\/p>\n<p>Wenn Du den Ruf Gottes f\u00fcr diese Gideon Army sp\u00fcrst, setzte Dich mit uns in Verbindung um \u00fcber weitere Details zu sprechen.<\/p>\n<p><strong>Bez\u00fcglich Frauen und Mitgliedschaft im MM<\/strong><\/p>\n<p>Wir glauben dass es vor Gott und in seinem Reich keine Unterschied zwischen Mann und Frau gibt.<br \/>\nAber f\u00fcr das Motorcycle Ministry werden wir keine Frauen als Full Member mit einem dreiteiligen Color einsetzen, f\u00fcr Frauen gibt es jedoch die M\u00f6glichkeit das einteilige R\u00fccken Patch zu tragen.<br \/>\nFerner k\u00f6nnen\u00a0die Offiziers\u00e4mter nicht von Frauen begleitet werden.<br \/>\nDies ist keine Missachtung von Frauen, sondern eher ein Schutz f\u00fcr sie und der Respekt gegen\u00fcber der Biker Szene.<\/p>\n","protected":false},"excerpt":{"rendered":"<p>Liebe &#8211; Treue &#8211; Ehre und Respekt, dies sind die Grundfesten unserer Bruderschaft! Nur wenn diese Werte keine leeren Lippenbekenntnisse sondern Teil deines Charakters sind, lohnt es sich f\u00fcr dich auch weiterzulesen. Folgende Voraussetzungen bestehen f\u00fcr eine aktive Mitarbeit in Lion of Judah Motorcycle Ministy: Entscheidung f\u00fcr die Nachfolge Jesus Christi im Dienst \u201cRuf\u201d in [&hellip;]<\/p>\n","protected":false},"author":3,"featured_media":0,"parent":0,"menu_order":0,"comment_status":"closed","ping_status":"closed","template":"","meta":{"footnotes":""},"class_list":["post-800","page","type-page","status-publish","hentry"],"_links":{"self":[{"href":"https:\/\/mm.lion-of-judah.net\/index.php?rest_route=\/wp\/v2\/pages\/800","targetHints":{"allow":["GET"]}}],"collection":[{"href":"https:\/\/mm.lion-of-judah.net\/index.php?rest_route=\/wp\/v2\/pages"}],"about":[{"href":"https:\/\/mm.lion-of-judah.net\/index.php?rest_route=\/wp\/v2\/types\/page"}],"author":[{"embeddable":true,"href":"https:\/\/mm.lion-of-judah.net\/index.php?rest_route=\/wp\/v2\/users\/3"}],"replies":[{"embeddable":true,"href":"https:\/\/mm.lion-of-judah.net\/index.php?rest_route=%2Fwp%2Fv2%2Fcomments&post=800"}],"version-history":[{"count":0,"href":"https:\/\/mm.lion-of-judah.net\/index.php?rest_route=\/wp\/v2\/pages\/800\/revisions"}],"wp:attachment":[{"href":"https:\/\/mm.lion-of-judah.net\/index.php?rest_route=%2Fwp%2Fv2%2Fmedia&parent=800"}],"curies":[{"name":"wp","href":"https:\/\/api.w.org\/{rel}","templated":true}]}}