{"id":782,"date":"2016-01-01T17:14:42","date_gmt":"2016-01-01T16:14:42","guid":{"rendered":"http:\/\/www.lion-of-judah.eu\/mm\/?page_id=782"},"modified":"2018-09-18T14:22:35","modified_gmt":"2018-09-18T12:22:35","slug":"bikerbibel","status":"publish","type":"page","link":"https:\/\/mm.lion-of-judah.net\/?page_id=782","title":{"rendered":"Bikerbibel"},"content":{"rendered":"<p>Von der Biker Bibel, die von Bibel for the Nations aufgelegt wird, sind mittlerweile ca. 790.000 Exemplare in 17 Sprachen gedruckt worden. Sie besteht aus einer modernen \u00dcbersetzung des neuen Testaments (&#8222;Neues Leben&#8220;) und ist mit vielen interessanten Lebenszeugnissen von Bikern und Menschen aus der Szene erg\u00e4nzt.<br \/>\nIn der aktuellen Ausgabe gibt es eine zweiseitige Info \u00fcber Lion of Judah MM.<\/p>\n<p><img loading=\"lazy\" decoding=\"async\" src=\"http:\/\/mm.lion-of-judah.net\/wp-content\/uploads\/sites\/3\/2018\/08\/bikerbibel.jpg\" alt=\"\" width=\"476\" height=\"376\" class=\"aligncenter size-full wp-image-1076\" srcset=\"https:\/\/mm.lion-of-judah.net\/wp-content\/uploads\/sites\/3\/2018\/08\/bikerbibel.jpg 476w, https:\/\/mm.lion-of-judah.net\/wp-content\/uploads\/sites\/3\/2018\/08\/bikerbibel-300x237.jpg 300w\" sizes=\"auto, (max-width: 476px) 100vw, 476px\" \/><\/p>\n<p>Wir haben diese Darstellung bewusst so gew\u00e4hlt, dies ist die Grundlage um die es uns als Lion of Judah MM\u00a0geht. Jesus starb f\u00fcr uns und ist f\u00fcr uns auferstanden, dass wir leben und ebenfalls auferstehen k\u00f6nnen und so wieder in Gemeinschaft mit unserem himmlischen Vater kommen k\u00f6nnen.<\/p>\n<p>Als Lion of Judah haben wir dieses Navigationssystem f\u00fcrs Leben bereits vielen Bikern auf den Weg geben k\u00f6nnen &#8211; wenn dir der Wegweiser noch fehlt melde dich einfach bei uns.<\/p>\n<p style=\"text-align: center\">\n","protected":false},"excerpt":{"rendered":"<p>Von der Biker Bibel, die von Bibel for the Nations aufgelegt wird, sind mittlerweile ca. 790.000 Exemplare in 17 Sprachen gedruckt worden. Sie besteht aus einer modernen \u00dcbersetzung des neuen Testaments (&#8222;Neues Leben&#8220;) und ist mit vielen interessanten Lebenszeugnissen von Bikern und Menschen aus der Szene erg\u00e4nzt. In der aktuellen Ausgabe gibt es eine zweiseitige [&hellip;]<\/p>\n","protected":false},"author":3,"featured_media":0,"parent":0,"menu_order":0,"comment_status":"closed","ping_status":"closed","template":"","meta":{"footnotes":""},"class_list":["post-782","page","type-page","status-publish","hentry"],"_links":{"self":[{"href":"https:\/\/mm.lion-of-judah.net\/index.php?rest_route=\/wp\/v2\/pages\/782","targetHints":{"allow":["GET"]}}],"collection":[{"href":"https:\/\/mm.lion-of-judah.net\/index.php?rest_route=\/wp\/v2\/pages"}],"about":[{"href":"https:\/\/mm.lion-of-judah.net\/index.php?rest_route=\/wp\/v2\/types\/page"}],"author":[{"embeddable":true,"href":"https:\/\/mm.lion-of-judah.net\/index.php?rest_route=\/wp\/v2\/users\/3"}],"replies":[{"embeddable":true,"href":"https:\/\/mm.lion-of-judah.net\/index.php?rest_route=%2Fwp%2Fv2%2Fcomments&post=782"}],"version-history":[{"count":1,"href":"https:\/\/mm.lion-of-judah.net\/index.php?rest_route=\/wp\/v2\/pages\/782\/revisions"}],"predecessor-version":[{"id":1458,"href":"https:\/\/mm.lion-of-judah.net\/index.php?rest_route=\/wp\/v2\/pages\/782\/revisions\/1458"}],"wp:attachment":[{"href":"https:\/\/mm.lion-of-judah.net\/index.php?rest_route=%2Fwp%2Fv2%2Fmedia&parent=782"}],"curies":[{"name":"wp","href":"https:\/\/api.w.org\/{rel}","templated":true}]}}