{"id":185,"date":"2015-12-26T22:23:14","date_gmt":"2015-12-26T21:23:14","guid":{"rendered":"http:\/\/www.lion-of-judah.eu\/mm\/?page_id=185"},"modified":"2018-09-18T15:27:02","modified_gmt":"2018-09-18T13:27:02","slug":"2010-2","status":"publish","type":"page","link":"https:\/\/mm.lion-of-judah.net\/?page_id=185","title":{"rendered":"2010"},"content":{"rendered":"<p>Sch\u00f6ne Burgen &#8230;<\/p>\n<p><img loading=\"lazy\" decoding=\"async\" src=\"http:\/\/mm.lion-of-judah.net\/wp-content\/uploads\/sites\/3\/2018\/08\/Hohenzollern.jpg\" alt=\"Burg Hohenzollern\" width=\"800\" height=\"1067\" class=\"aligncenter size-full wp-image-1234\" srcset=\"https:\/\/mm.lion-of-judah.net\/wp-content\/uploads\/sites\/3\/2018\/08\/Hohenzollern.jpg 800w, https:\/\/mm.lion-of-judah.net\/wp-content\/uploads\/sites\/3\/2018\/08\/Hohenzollern-225x300.jpg 225w, https:\/\/mm.lion-of-judah.net\/wp-content\/uploads\/sites\/3\/2018\/08\/Hohenzollern-768x1024.jpg 768w, https:\/\/mm.lion-of-judah.net\/wp-content\/uploads\/sites\/3\/2018\/08\/Hohenzollern-624x832.jpg 624w\" sizes=\"auto, (max-width: 800px) 100vw, 800px\" \/><\/p>\n<p>und viele Kreuze auf der schw\u00e4bischen Alb<\/p>\n<p><img loading=\"lazy\" decoding=\"async\" src=\"http:\/\/mm.lion-of-judah.net\/wp-content\/uploads\/sites\/3\/2018\/08\/Kreuze.jpg\" alt=\"Kreuze auf der Schw&auml;bischen Alb\" width=\"1024\" height=\"768\" class=\"aligncenter size-full wp-image-1265\" srcset=\"https:\/\/mm.lion-of-judah.net\/wp-content\/uploads\/sites\/3\/2018\/08\/Kreuze.jpg 1024w, https:\/\/mm.lion-of-judah.net\/wp-content\/uploads\/sites\/3\/2018\/08\/Kreuze-300x225.jpg 300w, https:\/\/mm.lion-of-judah.net\/wp-content\/uploads\/sites\/3\/2018\/08\/Kreuze-768x576.jpg 768w, https:\/\/mm.lion-of-judah.net\/wp-content\/uploads\/sites\/3\/2018\/08\/Kreuze-624x468.jpg 624w\" sizes=\"auto, (max-width: 1024px) 100vw, 1024px\" \/><\/p>\n<p>&nbsp;<\/p>\n<p><strong>EMC Rally 2010 Huddersfield England<\/strong><\/p>\n<p><img loading=\"lazy\" decoding=\"async\" src=\"http:\/\/mm.lion-of-judah.net\/wp-content\/uploads\/sites\/3\/2018\/08\/EMC-2010-leaflet.jpg\" alt=\"EMC Rally 2010 Huddersfield England\" width=\"332\" height=\"480\" class=\"aligncenter size-full wp-image-1198\" srcset=\"https:\/\/mm.lion-of-judah.net\/wp-content\/uploads\/sites\/3\/2018\/08\/EMC-2010-leaflet.jpg 332w, https:\/\/mm.lion-of-judah.net\/wp-content\/uploads\/sites\/3\/2018\/08\/EMC-2010-leaflet-208x300.jpg 208w\" sizes=\"auto, (max-width: 332px) 100vw, 332px\" \/><\/p>\n<p>Ums verrecken kein trockener Weg nach England zu finden,<\/p>\n<p><img loading=\"lazy\" decoding=\"async\" src=\"http:\/\/mm.lion-of-judah.net\/wp-content\/uploads\/sites\/3\/2018\/08\/F\u00e4hre.jpg\" alt=\"F\u00e4hre nach England\" width=\"1024\" height=\"768\" class=\"aligncenter size-full wp-image-1210\" srcset=\"https:\/\/mm.lion-of-judah.net\/wp-content\/uploads\/sites\/3\/2018\/08\/F\u00e4hre.jpg 1024w, https:\/\/mm.lion-of-judah.net\/wp-content\/uploads\/sites\/3\/2018\/08\/F\u00e4hre-300x225.jpg 300w, https:\/\/mm.lion-of-judah.net\/wp-content\/uploads\/sites\/3\/2018\/08\/F\u00e4hre-768x576.jpg 768w, https:\/\/mm.lion-of-judah.net\/wp-content\/uploads\/sites\/3\/2018\/08\/F\u00e4hre-624x468.jpg 624w\" sizes=\"auto, (max-width: 1024px) 100vw, 1024px\" \/><\/p>\n<p>na und die K\u00fcste sieht auch recht feucht aus.<\/p>\n<p><img loading=\"lazy\" decoding=\"async\" src=\"http:\/\/mm.lion-of-judah.net\/wp-content\/uploads\/sites\/3\/2018\/08\/K\u00fcste.jpg\" alt=\"K\u00fcste Englands\" width=\"1024\" height=\"768\" class=\"aligncenter size-full wp-image-1266\" srcset=\"https:\/\/mm.lion-of-judah.net\/wp-content\/uploads\/sites\/3\/2018\/08\/K\u00fcste.jpg 1024w, https:\/\/mm.lion-of-judah.net\/wp-content\/uploads\/sites\/3\/2018\/08\/K\u00fcste-300x225.jpg 300w, https:\/\/mm.lion-of-judah.net\/wp-content\/uploads\/sites\/3\/2018\/08\/K\u00fcste-768x576.jpg 768w, https:\/\/mm.lion-of-judah.net\/wp-content\/uploads\/sites\/3\/2018\/08\/K\u00fcste-624x468.jpg 624w\" sizes=\"auto, (max-width: 1024px) 100vw, 1024px\" \/><\/p>\n<p>Selbstverst\u00e4ndlich im Norden ebenfalls Regen ohne Ende &#8230;<\/p>\n<p><img loading=\"lazy\" decoding=\"async\" src=\"http:\/\/mm.lion-of-judah.net\/wp-content\/uploads\/sites\/3\/2018\/08\/Regen.jpg\" alt=\"Regen im Norden Englands\" width=\"1024\" height=\"421\" class=\"aligncenter size-full wp-image-1334\" srcset=\"https:\/\/mm.lion-of-judah.net\/wp-content\/uploads\/sites\/3\/2018\/08\/Regen.jpg 1024w, https:\/\/mm.lion-of-judah.net\/wp-content\/uploads\/sites\/3\/2018\/08\/Regen-300x123.jpg 300w, https:\/\/mm.lion-of-judah.net\/wp-content\/uploads\/sites\/3\/2018\/08\/Regen-768x316.jpg 768w, https:\/\/mm.lion-of-judah.net\/wp-content\/uploads\/sites\/3\/2018\/08\/Regen-624x257.jpg 624w\" sizes=\"auto, (max-width: 1024px) 100vw, 1024px\" \/><\/p>\n<p>und nat\u00fcrlich Nebel.<\/p>\n<p><img loading=\"lazy\" decoding=\"async\" src=\"http:\/\/mm.lion-of-judah.net\/wp-content\/uploads\/sites\/3\/2018\/08\/Nebel.jpg\" alt=\"Nebel\" width=\"1024\" height=\"504\" class=\"aligncenter size-full wp-image-1311\" srcset=\"https:\/\/mm.lion-of-judah.net\/wp-content\/uploads\/sites\/3\/2018\/08\/Nebel.jpg 1024w, https:\/\/mm.lion-of-judah.net\/wp-content\/uploads\/sites\/3\/2018\/08\/Nebel-300x148.jpg 300w, https:\/\/mm.lion-of-judah.net\/wp-content\/uploads\/sites\/3\/2018\/08\/Nebel-768x378.jpg 768w, https:\/\/mm.lion-of-judah.net\/wp-content\/uploads\/sites\/3\/2018\/08\/Nebel-624x307.jpg 624w\" sizes=\"auto, (max-width: 1024px) 100vw, 1024px\" \/><\/p>\n<p>Das Essen entspricht dem Wetter<\/p>\n<p><img loading=\"lazy\" decoding=\"async\" src=\"http:\/\/mm.lion-of-judah.net\/wp-content\/uploads\/sites\/3\/2018\/08\/Essen.jpg\" alt=\"Essensstand\" width=\"1024\" height=\"768\" class=\"aligncenter size-full wp-image-1209\" srcset=\"https:\/\/mm.lion-of-judah.net\/wp-content\/uploads\/sites\/3\/2018\/08\/Essen.jpg 1024w, https:\/\/mm.lion-of-judah.net\/wp-content\/uploads\/sites\/3\/2018\/08\/Essen-300x225.jpg 300w, https:\/\/mm.lion-of-judah.net\/wp-content\/uploads\/sites\/3\/2018\/08\/Essen-768x576.jpg 768w, https:\/\/mm.lion-of-judah.net\/wp-content\/uploads\/sites\/3\/2018\/08\/Essen-624x468.jpg 624w\" sizes=\"auto, (max-width: 1024px) 100vw, 1024px\" \/><\/p>\n<p>und selbst ein anst\u00e4ndiges Abgassystem kostet extra!<\/p>\n<p><img loading=\"lazy\" decoding=\"async\" src=\"http:\/\/mm.lion-of-judah.net\/wp-content\/uploads\/sites\/3\/2018\/08\/Noise.jpg\" alt=\"Auspufflautst\u00e4rke\" width=\"1024\" height=\"768\" class=\"aligncenter size-full wp-image-1312\" srcset=\"https:\/\/mm.lion-of-judah.net\/wp-content\/uploads\/sites\/3\/2018\/08\/Noise.jpg 1024w, https:\/\/mm.lion-of-judah.net\/wp-content\/uploads\/sites\/3\/2018\/08\/Noise-300x225.jpg 300w, https:\/\/mm.lion-of-judah.net\/wp-content\/uploads\/sites\/3\/2018\/08\/Noise-768x576.jpg 768w, https:\/\/mm.lion-of-judah.net\/wp-content\/uploads\/sites\/3\/2018\/08\/Noise-624x468.jpg 624w\" sizes=\"auto, (max-width: 1024px) 100vw, 1024px\" \/><\/p>\n<p><b><u>ABER:<\/b><\/u> frisch gezapftes Guiness,<\/p>\n<p><img loading=\"lazy\" decoding=\"async\" src=\"http:\/\/mm.lion-of-judah.net\/wp-content\/uploads\/sites\/3\/2018\/08\/Guiness.jpg\" alt=\"Guiness\" width=\"1024\" height=\"768\" class=\"aligncenter size-full wp-image-1222\" srcset=\"https:\/\/mm.lion-of-judah.net\/wp-content\/uploads\/sites\/3\/2018\/08\/Guiness.jpg 1024w, https:\/\/mm.lion-of-judah.net\/wp-content\/uploads\/sites\/3\/2018\/08\/Guiness-300x225.jpg 300w, https:\/\/mm.lion-of-judah.net\/wp-content\/uploads\/sites\/3\/2018\/08\/Guiness-768x576.jpg 768w, https:\/\/mm.lion-of-judah.net\/wp-content\/uploads\/sites\/3\/2018\/08\/Guiness-624x468.jpg 624w\" sizes=\"auto, (max-width: 1024px) 100vw, 1024px\" \/><\/p>\n<p>genug zu trinken,<\/p>\n<p><img loading=\"lazy\" decoding=\"async\" src=\"http:\/\/mm.lion-of-judah.net\/wp-content\/uploads\/sites\/3\/2018\/08\/Trinken.jpg\" alt=\"Trinken\" width=\"1024\" height=\"768\" class=\"aligncenter size-full wp-image-1361\" srcset=\"https:\/\/mm.lion-of-judah.net\/wp-content\/uploads\/sites\/3\/2018\/08\/Trinken.jpg 1024w, https:\/\/mm.lion-of-judah.net\/wp-content\/uploads\/sites\/3\/2018\/08\/Trinken-300x225.jpg 300w, https:\/\/mm.lion-of-judah.net\/wp-content\/uploads\/sites\/3\/2018\/08\/Trinken-768x576.jpg 768w, https:\/\/mm.lion-of-judah.net\/wp-content\/uploads\/sites\/3\/2018\/08\/Trinken-624x468.jpg 624w\" sizes=\"auto, (max-width: 1024px) 100vw, 1024px\" \/><\/p>\n<p>gute Gemeinschaft und bei allem Gottes Bewahrung!<\/p>\n<p><img loading=\"lazy\" decoding=\"async\" src=\"http:\/\/mm.lion-of-judah.net\/wp-content\/uploads\/sites\/3\/2018\/08\/Gemeinschaft.jpg\" alt=\"Gute Gemeinschaft\" width=\"1024\" height=\"768\" class=\"aligncenter size-full wp-image-1220\" srcset=\"https:\/\/mm.lion-of-judah.net\/wp-content\/uploads\/sites\/3\/2018\/08\/Gemeinschaft.jpg 1024w, https:\/\/mm.lion-of-judah.net\/wp-content\/uploads\/sites\/3\/2018\/08\/Gemeinschaft-300x225.jpg 300w, https:\/\/mm.lion-of-judah.net\/wp-content\/uploads\/sites\/3\/2018\/08\/Gemeinschaft-768x576.jpg 768w, https:\/\/mm.lion-of-judah.net\/wp-content\/uploads\/sites\/3\/2018\/08\/Gemeinschaft-624x468.jpg 624w\" sizes=\"auto, (max-width: 1024px) 100vw, 1024px\" \/><\/p>\n<p>Na und, auch im Schwarzwald regnet&#8217;s manchmal cats and dogs \ud83d\ude42<\/p>\n<p><img loading=\"lazy\" decoding=\"async\" src=\"http:\/\/mm.lion-of-judah.net\/wp-content\/uploads\/sites\/3\/2018\/08\/P1000815.jpg\" alt=\"\" width=\"800\" height=\"600\" class=\"aligncenter size-full wp-image-1314\" srcset=\"https:\/\/mm.lion-of-judah.net\/wp-content\/uploads\/sites\/3\/2018\/08\/P1000815.jpg 800w, https:\/\/mm.lion-of-judah.net\/wp-content\/uploads\/sites\/3\/2018\/08\/P1000815-300x225.jpg 300w, https:\/\/mm.lion-of-judah.net\/wp-content\/uploads\/sites\/3\/2018\/08\/P1000815-768x576.jpg 768w, https:\/\/mm.lion-of-judah.net\/wp-content\/uploads\/sites\/3\/2018\/08\/P1000815-624x468.jpg 624w\" sizes=\"auto, (max-width: 800px) 100vw, 800px\" \/><\/p>\n","protected":false},"excerpt":{"rendered":"<p>Sch\u00f6ne Burgen &#8230; und viele Kreuze auf der schw\u00e4bischen Alb &nbsp; EMC Rally 2010 Huddersfield England Ums verrecken kein trockener Weg nach England zu finden, na und die K\u00fcste sieht auch recht feucht aus. Selbstverst\u00e4ndlich im Norden ebenfalls Regen ohne Ende &#8230; und nat\u00fcrlich Nebel. Das Essen entspricht dem Wetter und selbst ein anst\u00e4ndiges Abgassystem [&hellip;]<\/p>\n","protected":false},"author":3,"featured_media":0,"parent":0,"menu_order":0,"comment_status":"closed","ping_status":"closed","template":"","meta":{"footnotes":""},"class_list":["post-185","page","type-page","status-publish","hentry"],"_links":{"self":[{"href":"https:\/\/mm.lion-of-judah.net\/index.php?rest_route=\/wp\/v2\/pages\/185","targetHints":{"allow":["GET"]}}],"collection":[{"href":"https:\/\/mm.lion-of-judah.net\/index.php?rest_route=\/wp\/v2\/pages"}],"about":[{"href":"https:\/\/mm.lion-of-judah.net\/index.php?rest_route=\/wp\/v2\/types\/page"}],"author":[{"embeddable":true,"href":"https:\/\/mm.lion-of-judah.net\/index.php?rest_route=\/wp\/v2\/users\/3"}],"replies":[{"embeddable":true,"href":"https:\/\/mm.lion-of-judah.net\/index.php?rest_route=%2Fwp%2Fv2%2Fcomments&post=185"}],"version-history":[{"count":2,"href":"https:\/\/mm.lion-of-judah.net\/index.php?rest_route=\/wp\/v2\/pages\/185\/revisions"}],"predecessor-version":[{"id":1475,"href":"https:\/\/mm.lion-of-judah.net\/index.php?rest_route=\/wp\/v2\/pages\/185\/revisions\/1475"}],"wp:attachment":[{"href":"https:\/\/mm.lion-of-judah.net\/index.php?rest_route=%2Fwp%2Fv2%2Fmedia&parent=185"}],"curies":[{"name":"wp","href":"https:\/\/api.w.org\/{rel}","templated":true}]}}