{"id":133,"date":"2015-12-24T11:54:03","date_gmt":"2015-12-24T10:54:03","guid":{"rendered":"http:\/\/www.lion-of-judah.eu\/mm\/?page_id=133"},"modified":"2015-12-24T11:54:03","modified_gmt":"2015-12-24T10:54:03","slug":"wer-bin-ich-fuer-gott","status":"publish","type":"page","link":"https:\/\/mm.lion-of-judah.net\/?page_id=133","title":{"rendered":"Wer bin ich f\u00fcr Gott?"},"content":{"rendered":"<p style=\"text-align: justify\">Gott wirkt nicht nur heute punktuell, hier und da mal f\u00fcr mich wenn ich ihn darum bitte.<br \/>\nEr ist jederzeit im h\u00f6chsten Ma\u00df aktiv damit besch\u00e4ftigt, an mir, f\u00fcr mich, in mir und durch mich zu wirken. Fortw\u00e4hrend, ohne Pause, ohne Ausnahme, ohne Unterbrechung. Selbst dann, wenn ich nicht daran denke, nichts davon merke, gar nicht damit rechne.<\/p>\n<p style=\"text-align: justify\">Gott ist immer am Werk. So, als w\u00e4re ich, sein Kind, das wichtigste Projekt meines Vaters im Himmel, das er sich nach Fertigstellung der Sch\u00f6pfung vorgenommen hat. Ich bin sein Projekt, in das er investiert, an dem er feilt, versch\u00f6nert, erneuert und gesegnet handelt, als sei das der tiefste Inhalt seiner Existenz. Und genauso ist es auch!<\/p>\n<p style=\"text-align: justify\"><strong>Das gilt auch f\u00fcr DICH!!!<\/strong><\/p>\n","protected":false},"excerpt":{"rendered":"<p>Gott wirkt nicht nur heute punktuell, hier und da mal f\u00fcr mich wenn ich ihn darum bitte. Er ist jederzeit im h\u00f6chsten Ma\u00df aktiv damit besch\u00e4ftigt, an mir, f\u00fcr mich, in mir und durch mich zu wirken. Fortw\u00e4hrend, ohne Pause, ohne Ausnahme, ohne Unterbrechung. Selbst dann, wenn ich nicht daran denke, nichts davon merke, gar [&hellip;]<\/p>\n","protected":false},"author":3,"featured_media":0,"parent":0,"menu_order":0,"comment_status":"closed","ping_status":"closed","template":"","meta":{"footnotes":""},"class_list":["post-133","page","type-page","status-publish","hentry"],"_links":{"self":[{"href":"https:\/\/mm.lion-of-judah.net\/index.php?rest_route=\/wp\/v2\/pages\/133","targetHints":{"allow":["GET"]}}],"collection":[{"href":"https:\/\/mm.lion-of-judah.net\/index.php?rest_route=\/wp\/v2\/pages"}],"about":[{"href":"https:\/\/mm.lion-of-judah.net\/index.php?rest_route=\/wp\/v2\/types\/page"}],"author":[{"embeddable":true,"href":"https:\/\/mm.lion-of-judah.net\/index.php?rest_route=\/wp\/v2\/users\/3"}],"replies":[{"embeddable":true,"href":"https:\/\/mm.lion-of-judah.net\/index.php?rest_route=%2Fwp%2Fv2%2Fcomments&post=133"}],"version-history":[{"count":0,"href":"https:\/\/mm.lion-of-judah.net\/index.php?rest_route=\/wp\/v2\/pages\/133\/revisions"}],"wp:attachment":[{"href":"https:\/\/mm.lion-of-judah.net\/index.php?rest_route=%2Fwp%2Fv2%2Fmedia&parent=133"}],"curies":[{"name":"wp","href":"https:\/\/api.w.org\/{rel}","templated":true}]}}