{"id":121,"date":"2015-12-24T09:21:33","date_gmt":"2015-12-24T08:21:33","guid":{"rendered":"http:\/\/www.lion-of-judah.eu\/mm\/?page_id=121"},"modified":"2015-12-24T09:21:33","modified_gmt":"2015-12-24T08:21:33","slug":"gideon-2","status":"publish","type":"page","link":"https:\/\/mm.lion-of-judah.net\/?page_id=121","title":{"rendered":"Gideon"},"content":{"rendered":"<p>\u2026 auch Du bist zum Helden in Gottes Armee berufen &gt; falls Du bereit bist seinen Anweisungen bzw. F\u00fchrung durch den Heiligen Geist zu folgen&#8230;<\/p>\n<p>Im Buch der Richter (AT) ab Kapitel 6 kannst Du so eine besondere Streitmacht kennenlernen. Der Kampf des neutestamentlichen Gl\u00e4ubigen ist nicht gegen Menschen sondern f\u00fcr die Wahrheit die Jesus Christus hei\u00dft. Wir verk\u00fcndigen die Frohe Botschaft auf vielerlei weise; lerne uns kennen und finde selbst heraus, ob Du bereit bist.<\/p>\n<p>Hier einige Inspirationen zu dieser wahren Bibelgeschichte:<\/p>\n<p>Jeder tat was in seinen Augen recht war. ( Ri. 17,6)<\/p>\n<p>Dies ist der Zustand ohne g\u00f6ttliche F\u00fchrung und Leitung. Gott ist aber ein Gott der Ordnung.<\/p>\n<p>Wie kann Gott Gideon und seine Armee benutzen? Als erstes muss Gideon von Herzen umkehren!<\/p>\n<p>Gott verlangt von ihm, dass er seine eigenen G\u00f6tzen niederrei\u00dft und IHM einen Altar baut. ( Ri. 6,25-26).<\/p>\n<p>Was sind deine G\u00f6tzen? Drogensucht, Sexsucht, Computerspiele, Anerkennungssucht, Macht Reichtum etc. ?<\/p>\n<p>Woran h\u00e4ngt dein Herz mehr als an Gott? Ich bin der Herr, dein Gott.<\/p>\n<p>    Du sollst keine anderen G\u00f6tter neben mir haben.<\/p>\n<p>Menschen folgen gerne K\u00f6nigen oder Gener\u00e4len, aber wer wird einem Feigling wie Gideon folgen?<\/p>\n<p>Aber hier kommt Gottes Zusage: &#8222;Ich werde mit dir sein, und du wirst Midian schlagen wie einen einzelnen Mann\u201c!<\/p>\n<p>Gott entscheidet und Gideon f\u00fchrt es aus!<\/p>\n<p>Wer \u00e4ngstlich, rebellisch und verzagt war wurde von Gott aussortiert, weil er f\u00fcr dieses spezielle Vorhaben nicht geeignet war.<\/p>\n<p>Gideon war in allem Vorbild und seine Armee tat was er tat. Einheit, Gefolgschaft, Br\u00fcderlichkeit waren einer der Schl\u00fcssel. Aber der  Hauptschl\u00fcssel ist und bleibt: H\u00f6re Gottes Stimme und auf handele auf seinen Befehl bzw. nach seinen Anweisungen.<\/p>\n<p>Im Kampf gegen die ungeheure \u00dcbermacht konnte sich die Gideon-Armee auf  keinerlei herk\u00f6mmliche Waffen mehr verlassen. Weder Schwert noch Schild usw. wurden eingesetzt, sondern ein Tonkrug, eine Fackel und eine Trompete. Im g\u00f6ttlichen Kampf hast du keine Chance  mit deiner Kraft, deinem Intellekt, deinem Wissen und deiner Erfahrung zu gewinnen. Wir m\u00fcssen uns auf Gottes Weisheit voll und ganz verlassen und IHM vertrauen. Liebe Br\u00fcder, wir d\u00fcrfen weder die Fackel, die Trompete, noch den zerbrochenen Krug vergessen. Wir tr\u00f6ten manchmal nur in die Trompete und denken, es reicht laut zu sein. Die Scherben des irdenen Kruges sollen uns an eine wichtige Wahrheit erinnern, die uns aber nicht immer lieb oder angenehm  ist. So wie die Kr\u00fcge vor der Fackel zerschlagen werden mussten, so muss der Tod in uns wirken, bevor das Leben Jesu an unserem sterblichen K\u00f6rper offenbar werden kann (2. Korinther 4,11). Unsere alte Natur muss sterben.<br \/>\nChristus ist das Licht. Er sollte in uns gesehen werden; und zu diesem Zweck muss das verdorbene Eigenleben sein Ende gefunden haben. Alles das, was wir waren, fand am Kreuze seinen Abschluss (R\u00f6m. 6,6).Ich bete, dass durch die Kraft dieser Worte und die darin enthaltene Wahrheit unsere Eitelkeit, unser Stolz und unser Eigenwille, also unsere alte  Adamsnatur zertr\u00fcmmert wird.  Nur  so kann das neue Leben &#8211; das Leben des Gesalbten ( Christus selbst) durch uns dargestellt werden!<\/p>\n<p>\u201eSo wurden die Midianiter gedem\u00fctigt vor den Israeliten und hoben ihren Kopf nicht mehr empor. Und das Land hatte Ruhe vierzig Jahre, solange Gideon lebte.\u201c<\/p>\n<p>Am Ende verlor Gideon jedoch wieder allen Segen, weil er ein G\u00f6tterbild aus den eroberten Ohrringen und dem Goldschmuck herstellen lie\u00df, welches das Volk nutzte um daran G\u00f6tzendienst zu treiben. Der Fluch \u00fcber Israel trat allerdings erst nach Gideons Tod ein. Wir brauchen eine lebendige Beziehung zu Gott und keine noch so wertvollen G\u00f6tzen.<\/p>\n<p>Lasst uns Gottes Weisung und Ratschl\u00fcsse h\u00f6ren und tuen. Lasst uns aufeinander achthaben. Lasst uns wie ein Mann denken und handeln. Betet f\u00fcreinander und auch f\u00fcr unsere Leiter und Pastoren. Macht euch neu abh\u00e4ngig von Gott. Wir sind nix ohne IHN.<\/p>\n<p>Wenn du Gott in deinem Leben haben willst, dann kehre um von deinen eigenen Wegen und bitte Jesus um Vergebung und lade ihn ein in dein Herz. Denn wer mit den Lippen bekennt und mit dem Herzen glaubt, der ist errettet. R\u00f6m. 10,10<\/p>\n<p>Wenn du ein Teil dieser Armee sein m\u00f6chtest, dann melde dich doch einfach bei uns.<\/p>\n<p>Alles Liebe und fetten Segen<\/p>\n<p>Pastor Mexx<\/p>\n","protected":false},"excerpt":{"rendered":"<p>\u2026 auch Du bist zum Helden in Gottes Armee berufen &gt; falls Du bereit bist seinen Anweisungen bzw. F\u00fchrung durch den Heiligen Geist zu folgen&#8230; Im Buch der Richter (AT) ab Kapitel 6 kannst Du so eine besondere Streitmacht kennenlernen. Der Kampf des neutestamentlichen Gl\u00e4ubigen ist nicht gegen Menschen sondern f\u00fcr die Wahrheit die Jesus [&hellip;]<\/p>\n","protected":false},"author":3,"featured_media":0,"parent":0,"menu_order":0,"comment_status":"closed","ping_status":"closed","template":"","meta":{"footnotes":""},"class_list":["post-121","page","type-page","status-publish","hentry"],"_links":{"self":[{"href":"https:\/\/mm.lion-of-judah.net\/index.php?rest_route=\/wp\/v2\/pages\/121","targetHints":{"allow":["GET"]}}],"collection":[{"href":"https:\/\/mm.lion-of-judah.net\/index.php?rest_route=\/wp\/v2\/pages"}],"about":[{"href":"https:\/\/mm.lion-of-judah.net\/index.php?rest_route=\/wp\/v2\/types\/page"}],"author":[{"embeddable":true,"href":"https:\/\/mm.lion-of-judah.net\/index.php?rest_route=\/wp\/v2\/users\/3"}],"replies":[{"embeddable":true,"href":"https:\/\/mm.lion-of-judah.net\/index.php?rest_route=%2Fwp%2Fv2%2Fcomments&post=121"}],"version-history":[{"count":0,"href":"https:\/\/mm.lion-of-judah.net\/index.php?rest_route=\/wp\/v2\/pages\/121\/revisions"}],"wp:attachment":[{"href":"https:\/\/mm.lion-of-judah.net\/index.php?rest_route=%2Fwp%2Fv2%2Fmedia&parent=121"}],"curies":[{"name":"wp","href":"https:\/\/api.w.org\/{rel}","templated":true}]}}