{"id":109,"date":"2015-12-24T08:53:07","date_gmt":"2015-12-24T07:53:07","guid":{"rendered":"http:\/\/www.lion-of-judah.eu\/mm\/?page_id=109"},"modified":"2018-09-18T10:04:06","modified_gmt":"2018-09-18T08:04:06","slug":"neues-leben","status":"publish","type":"page","link":"https:\/\/mm.lion-of-judah.net\/?page_id=109","title":{"rendered":"Neues Leben"},"content":{"rendered":"<h2>Wir glauben, dass <strong>jeder<\/strong> Mensch vor und mit\u00a0Gott ganz neu beginnen und Ihn pers\u00f6nlich kenenlernen kann!<\/h2>\n<p>Hier eine Hilfe um Dein Leben neu zu starten:<\/p>\n<p>Himmlicher Vater, ich komme in Jesu Christi Namen zu Dir. Dein Wort sagt in Johannes 6,37: \u201eAlles was mir der Vater gibt, das kommt zu mir; und wer zu mir kommt, den werde ich nicht hinaussto\u00dfen\u201c<\/p>\n<p>Deshalb wei\u00df ich, das du mich nicht hinaussto\u00dfen, sondern aufnehmen wirst und danke dir daf\u00fcr.<\/p>\n<p>Du sagst in deinem Wort (R\u00f6mer 10,33): \u201eWer den Namen des Herrn anrufen wird, der soll gerettet werden.\u201c<\/p>\n<p>Ich rufe dich jetzt an und wei\u00df das du mich\u00a0 erretten wirst.<\/p>\n<p>Auch steht in deinem Wort (R\u00f6mer 10, 9-10) geschrieben: \u201e Denn wenn du mit deinem Munde Jesus als deinen Herrn bekennst und mit dem Herzen glaubst, dass Gott ihn von den Toten auferweckt hat; denn mit dem Herzen glaubt man, um gerecht, und mit dem Munde bekennt man, um gerettet zu sein.\u201c<\/p>\n<p>Ich glaube in meinem Herzen, dass Jesus Christus der Sohn Gottes ist. Und ich glaube, dass er von den Toten auferstanden ist zu meiner Rechtfertigung und zur Vergebung meiner S\u00fcnden. Jesus komm jetzt in mein Herz und sei mein Herr und mein Heiland.<\/p>\n<p>Du bist mein Licht und ich nehme dich als meinen pers\u00f6nlichen Retter an.<br \/>\nDanke dass du mir alle meine Schuld und S\u00fcnde vergeben hast und dass ich nun dein Kind bin, .<\/p>\n<p>Danke, AMEN<\/p>\n<p>Falls Du Fragen hast melde Dich bei uns!<\/p>\n<p><img loading=\"lazy\" decoding=\"async\" src=\"http:\/\/mm.lion-of-judah.net\/wp-content\/uploads\/sites\/3\/2018\/08\/biker-bibel.jpg\" alt=\"\" width=\"627\" height=\"906\" class=\"aligncenter size-full wp-image-1077\" srcset=\"https:\/\/mm.lion-of-judah.net\/wp-content\/uploads\/sites\/3\/2018\/08\/biker-bibel.jpg 627w, https:\/\/mm.lion-of-judah.net\/wp-content\/uploads\/sites\/3\/2018\/08\/biker-bibel-208x300.jpg 208w, https:\/\/mm.lion-of-judah.net\/wp-content\/uploads\/sites\/3\/2018\/08\/biker-bibel-624x902.jpg 624w\" sizes=\"auto, (max-width: 627px) 100vw, 627px\" \/><\/p>\n","protected":false},"excerpt":{"rendered":"<p>Wir glauben, dass jeder Mensch vor und mit\u00a0Gott ganz neu beginnen und Ihn pers\u00f6nlich kenenlernen kann! Hier eine Hilfe um Dein Leben neu zu starten: Himmlicher Vater, ich komme in Jesu Christi Namen zu Dir. Dein Wort sagt in Johannes 6,37: \u201eAlles was mir der Vater gibt, das kommt zu mir; und wer zu mir [&hellip;]<\/p>\n","protected":false},"author":3,"featured_media":0,"parent":0,"menu_order":0,"comment_status":"closed","ping_status":"closed","template":"","meta":{"footnotes":""},"class_list":["post-109","page","type-page","status-publish","hentry"],"_links":{"self":[{"href":"https:\/\/mm.lion-of-judah.net\/index.php?rest_route=\/wp\/v2\/pages\/109","targetHints":{"allow":["GET"]}}],"collection":[{"href":"https:\/\/mm.lion-of-judah.net\/index.php?rest_route=\/wp\/v2\/pages"}],"about":[{"href":"https:\/\/mm.lion-of-judah.net\/index.php?rest_route=\/wp\/v2\/types\/page"}],"author":[{"embeddable":true,"href":"https:\/\/mm.lion-of-judah.net\/index.php?rest_route=\/wp\/v2\/users\/3"}],"replies":[{"embeddable":true,"href":"https:\/\/mm.lion-of-judah.net\/index.php?rest_route=%2Fwp%2Fv2%2Fcomments&post=109"}],"version-history":[{"count":2,"href":"https:\/\/mm.lion-of-judah.net\/index.php?rest_route=\/wp\/v2\/pages\/109\/revisions"}],"predecessor-version":[{"id":1450,"href":"https:\/\/mm.lion-of-judah.net\/index.php?rest_route=\/wp\/v2\/pages\/109\/revisions\/1450"}],"wp:attachment":[{"href":"https:\/\/mm.lion-of-judah.net\/index.php?rest_route=%2Fwp%2Fv2%2Fmedia&parent=109"}],"curies":[{"name":"wp","href":"https:\/\/api.w.org\/{rel}","templated":true}]}}