{"id":102,"date":"2015-12-23T23:44:20","date_gmt":"2015-12-23T22:44:20","guid":{"rendered":"http:\/\/www.lion-of-judah.eu\/mm\/?page_id=102"},"modified":"2015-12-23T23:44:20","modified_gmt":"2015-12-23T22:44:20","slug":"was-wir-glauben","status":"publish","type":"page","link":"https:\/\/mm.lion-of-judah.net\/?page_id=102","title":{"rendered":"Was wir glauben"},"content":{"rendered":"<p>Das Glaubensbekenntnis des Lion of Judah basiert ausschlie\u00dflich auf den Lehren der Heiligen Schrift, der Bibel. Au\u00dferdem identifizieren wir uns mit dem <a href=\"http:\/\/www.lion-of-judah.eu\/mm\/das-apostolische-glaubensbekenntnis\/\" target=\"_blank\" rel=\"noopener\">apostolischen Glaubensbekenntnis der alten Kirche<\/a>, das von der \u00fcberwiegenden Zahl der christlichen Konfessionen anerkannt ist.<\/p>\n<p><strong>Wir glauben<\/strong>, dass Gott ein wunderbarer Vater ist. Er ist der Sch\u00f6pfer des Himmels und der Erde. Er liebt alle Menschen und m\u00f6chte, dass jeder von ihnen in eine lebendige Beziehung zu Ihm findet und f\u00fcr immer bei Ihm bleibt (Lukas 15).<\/p>\n<p><strong>Wir glauben <\/strong>auch an Seinen Sohn Jesus Christus, der auf die Erde gekommen ist, um uns Menschen von unserer Trennung von Gott und unserem Egoismus zu befreien. Er starb zur S\u00fchne von unserem Fehlverhalten stellvertretend am Kreuz, ist nach drei Tagen auferstanden und mehr als 500 Zeugen leibhaftig erschienen. Danach ist er in den Himmel aufgefahren, sitzt nun zur Rechten Gottes und regiert von dort aus das Universum in alle Ewigkeit. Er hat jetzt alle Gewalt im Himmel und auf der Erde.<\/p>\n<p><strong>Wir glauben <\/strong>an den Heiligen Geist, der f\u00fcr uns Helfer, Kraft, Ratgeber, Tr\u00f6ster, Inspirator und Motivator auf der Erde ist. Er schenkt uns wunderbare Gaben und wirkt Charakterver\u00e4nderung in uns. Er bef\u00e4higt uns zu einem \u00fcbernat\u00fcrlichen Leben in einer Welt, die von materialistischem Denken bestimmt wird. Er gibt uns t\u00e4glich neue Kraft und g\u00f6ttliche Energie. Der Heilige Geist verleiht dem Wort Gottes Wirkung. Er weckt Glauben im Menschen bzw. er\u00f6ffnet ihm die M\u00f6glichkeit, sich f\u00fcr ein Leben im Glauben an Jesus Christus zu entscheiden.<\/p>\n<p><strong>Wir glauben<\/strong>, dass Jesus Seine Gemeinde auf der Erde baut (Matth\u00e4us 16,18) und dass wir ein Teil des gesamten Leibes Christi weltweit sind.<\/p>\n<p><strong>Wir glauben <\/strong>von ganzem Herzen an die Einheit derer, die an Jesus Christus glauben und Ihm nachfolgen.<\/p>\n<p><strong>Wir glauben <\/strong>an die Kraft und die Inspiration der Heiligen Schrift, der Bibel, die Leitfaden und Autorit\u00e4t f\u00fcr alle Belange unseres Lebens ist.<\/p>\n<p><strong>Wir glauben <\/strong>an ein Leben nach dem Tod. F\u00fcr alle, die sich im Glauben entschieden haben, Jesus nachzufolgen, wird dies unbeschreiblich sch\u00f6n sein (Paradies).<\/p>\n<p><strong>Wir glauben <\/strong>an die Wichtigkeit der Taufe derer, die gl\u00e4ubig geworden sind, als Gehorsamsschritt entsprechend dem Wort Gottes.<\/p>\n<p><strong>Wir glauben <\/strong>an die Bedeutung des Abendmahls, in dem wir eine tiefe Verbindung mit dem Geschehen von Golgatha pers\u00f6nlich erfahren.<\/p>\n<p><strong>Wir glauben <\/strong>an die Wiederkunft Jesu als K\u00f6nig und Herrn f\u00fcr alle, die Ihn erwarten, zum Heil und ewigen Leben im Himmel bei Gott.<\/p>\n<p><strong>Wir glauben <\/strong>an ein endg\u00fcltiges Gericht, das auf alle wartet, die sich dem Ruf und der Liebe Gottes verweigert haben.<\/p>\n<p><strong>Wir glauben<\/strong>, dass die Liebe Gottes, die Er durch den Heiligen Geist in unsere Herzen ausgegossen hat, das Gr\u00f6\u00dfte und Wichtigste im Leben eines Menschen ist.<\/p>\n","protected":false},"excerpt":{"rendered":"<p>Das Glaubensbekenntnis des Lion of Judah basiert ausschlie\u00dflich auf den Lehren der Heiligen Schrift, der Bibel. Au\u00dferdem identifizieren wir uns mit dem apostolischen Glaubensbekenntnis der alten Kirche, das von der \u00fcberwiegenden Zahl der christlichen Konfessionen anerkannt ist. Wir glauben, dass Gott ein wunderbarer Vater ist. Er ist der Sch\u00f6pfer des Himmels und der Erde. Er [&hellip;]<\/p>\n","protected":false},"author":3,"featured_media":0,"parent":0,"menu_order":0,"comment_status":"closed","ping_status":"closed","template":"","meta":{"footnotes":""},"class_list":["post-102","page","type-page","status-publish","hentry"],"_links":{"self":[{"href":"https:\/\/mm.lion-of-judah.net\/index.php?rest_route=\/wp\/v2\/pages\/102","targetHints":{"allow":["GET"]}}],"collection":[{"href":"https:\/\/mm.lion-of-judah.net\/index.php?rest_route=\/wp\/v2\/pages"}],"about":[{"href":"https:\/\/mm.lion-of-judah.net\/index.php?rest_route=\/wp\/v2\/types\/page"}],"author":[{"embeddable":true,"href":"https:\/\/mm.lion-of-judah.net\/index.php?rest_route=\/wp\/v2\/users\/3"}],"replies":[{"embeddable":true,"href":"https:\/\/mm.lion-of-judah.net\/index.php?rest_route=%2Fwp%2Fv2%2Fcomments&post=102"}],"version-history":[{"count":0,"href":"https:\/\/mm.lion-of-judah.net\/index.php?rest_route=\/wp\/v2\/pages\/102\/revisions"}],"wp:attachment":[{"href":"https:\/\/mm.lion-of-judah.net\/index.php?rest_route=%2Fwp%2Fv2%2Fmedia&parent=102"}],"curies":[{"name":"wp","href":"https:\/\/api.w.org\/{rel}","templated":true}]}}